{"id":3323,"date":"2017-11-16T13:01:12","date_gmt":"2017-11-16T11:01:12","guid":{"rendered":"https:\/\/www.1001portales.com\/blog\/?page_id=3323"},"modified":"2025-06-02T14:37:05","modified_gmt":"2025-06-02T12:37:05","slug":"videos-tutoriales","status":"publish","type":"page","link":"https:\/\/www.1001portales.com\/blog\/ayuda-para-usuarios\/videos-tutoriales\/","title":{"rendered":"V\u00eddeos tutoriales"},"content":{"rendered":"","protected":false},"excerpt":{"rendered":"","protected":false},"author":25,"featured_media":0,"parent":866,"menu_order":0,"comment_status":"closed","ping_status":"closed","template":"page-pagebuilder-latest.php","meta":{"_acf_changed":false,"_joinchat":[],"footnotes":""},"class_list":["post-3323","page","type-page","status-publish"],"acf":[],"aioseo_notices":[],"aioseo_head":"\n\t\t<!-- All in One SEO Pro 4.9.6.2 - aioseo.com -->\n\t<meta name=\"description\" content=\"Hemos creado una serie de tutoriales para ayudarte a multipublicar tus anuncios. Tod la informaci\u00f3n necesaria para que no te pierdas en la publicaci\u00f3n de tus anuncios.\" \/>\n\t<meta name=\"robots\" content=\"max-snippet:-1, max-image-preview:large, max-video-preview:-1\" \/>\n\t<meta name=\"msvalidate.01\" content=\"4A366B932AA34510A58B6C4CA5994A50\" \/>\n\t<meta name=\"p:domain_verify\" content=\"258bc84b68191409946fa63f826f8186\" \/>\n\t<meta name=\"keywords\" content=\"tutorial,v\u00eddeo,ayuda al usuario,manuales,manual del usuario,\" \/>\n\t<link rel=\"canonical\" href=\"https:\/\/www.1001portales.com\/blog\/ayuda-para-usuarios\/videos-tutoriales\/\" \/>\n\t<meta name=\"generator\" content=\"All in One SEO Pro (AIOSEO) 4.9.6.2\" \/>\n\t\t<meta property=\"og:locale\" content=\"es_ES\" \/>\n\t\t<meta property=\"og:site_name\" content=\"Blog de marketing inmobiliario\" \/>\n\t\t<meta property=\"og:type\" content=\"article\" \/>\n\t\t<meta property=\"og:title\" content=\"V\u00eddeos de ayuda a la multipublicaci\u00f3n | Blog de marketing inmobiliario\" \/>\n\t\t<meta property=\"og:description\" content=\"Hemos creado una serie de tutoriales para ayudarte a multipublicar tus anuncios. Tod la informaci\u00f3n necesaria para que no te pierdas en la publicaci\u00f3n de tus anuncios.\" \/>\n\t\t<meta property=\"og:url\" content=\"https:\/\/www.1001portales.com\/blog\/ayuda-para-usuarios\/videos-tutoriales\/\" \/>\n\t\t<meta property=\"og:image\" content=\"https:\/\/www.1001portales.com\/blog\/wp-content\/uploads\/2016\/05\/logotrans-428x100.png\" \/>\n\t\t<meta property=\"og:image:secure_url\" content=\"https:\/\/www.1001portales.com\/blog\/wp-content\/uploads\/2016\/05\/logotrans-428x100.png\" \/>\n\t\t<meta property=\"article:published_time\" content=\"2017-11-16T11:01:12+00:00\" \/>\n\t\t<meta property=\"article:modified_time\" content=\"2025-06-02T12:37:05+00:00\" \/>\n\t\t<meta property=\"article:publisher\" content=\"https:\/\/www.facebook.com\/1001portales\" \/>\n\t\t<meta name=\"twitter:card\" content=\"summary_large_image\" \/>\n\t\t<meta name=\"twitter:site\" content=\"@1001portales\" \/>\n\t\t<meta name=\"twitter:title\" content=\"V\u00eddeos de ayuda a la multipublicaci\u00f3n | Blog de marketing inmobiliario\" \/>\n\t\t<meta name=\"twitter:description\" content=\"Hemos creado una serie de tutoriales para ayudarte a multipublicar tus anuncios. Tod la informaci\u00f3n necesaria para que no te pierdas en la publicaci\u00f3n de tus anuncios.\" \/>\n\t\t<meta name=\"twitter:image\" content=\"https:\/\/www.1001portales.com\/blog\/wp-content\/uploads\/2016\/05\/logotrans-428x100.png\" \/>\n\t\t<script type=\"application\/ld+json\" class=\"aioseo-schema\">\n\t\t\t{\"@context\":\"https:\\\/\\\/schema.org\",\"@graph\":[{\"@type\":\"BreadcrumbList\",\"@id\":\"https:\\\/\\\/www.1001portales.com\\\/blog\\\/ayuda-para-usuarios\\\/videos-tutoriales\\\/#breadcrumblist\",\"itemListElement\":[{\"@type\":\"ListItem\",\"@id\":\"https:\\\/\\\/www.1001portales.com\\\/blog#listItem\",\"position\":1,\"name\":\"Home\",\"item\":\"https:\\\/\\\/www.1001portales.com\\\/blog\",\"nextItem\":{\"@type\":\"ListItem\",\"@id\":\"https:\\\/\\\/www.1001portales.com\\\/blog\\\/ayuda-para-usuarios\\\/#listItem\",\"name\":\"Ayuda para usuarios\"}},{\"@type\":\"ListItem\",\"@id\":\"https:\\\/\\\/www.1001portales.com\\\/blog\\\/ayuda-para-usuarios\\\/#listItem\",\"position\":2,\"name\":\"Ayuda para usuarios\",\"item\":\"https:\\\/\\\/www.1001portales.com\\\/blog\\\/ayuda-para-usuarios\\\/\",\"nextItem\":{\"@type\":\"ListItem\",\"@id\":\"https:\\\/\\\/www.1001portales.com\\\/blog\\\/ayuda-para-usuarios\\\/videos-tutoriales\\\/#listItem\",\"name\":\"V\\u00eddeos tutoriales\"},\"previousItem\":{\"@type\":\"ListItem\",\"@id\":\"https:\\\/\\\/www.1001portales.com\\\/blog#listItem\",\"name\":\"Home\"}},{\"@type\":\"ListItem\",\"@id\":\"https:\\\/\\\/www.1001portales.com\\\/blog\\\/ayuda-para-usuarios\\\/videos-tutoriales\\\/#listItem\",\"position\":3,\"name\":\"V\\u00eddeos tutoriales\",\"previousItem\":{\"@type\":\"ListItem\",\"@id\":\"https:\\\/\\\/www.1001portales.com\\\/blog\\\/ayuda-para-usuarios\\\/#listItem\",\"name\":\"Ayuda para usuarios\"}}]},{\"@type\":\"Organization\",\"@id\":\"https:\\\/\\\/www.1001portales.com\\\/blog\\\/#organization\",\"name\":\"Ad Origins, S. L.\",\"description\":\"Art\\u00edculos sobre temas inmobiliarios que pueden servirte de ayuda en la compra, venta o alquiler de tu vivienda.\",\"url\":\"https:\\\/\\\/www.1001portales.com\\\/blog\\\/\",\"email\":\"info@1001portales.com\",\"telephone\":\"+34937377744\",\"logo\":{\"@type\":\"ImageObject\",\"url\":\"https:\\\/\\\/www.1001portales.com\\\/blog\\\/wp-content\\\/uploads\\\/2016\\\/05\\\/logotrans-428x100.png\",\"@id\":\"https:\\\/\\\/www.1001portales.com\\\/blog\\\/ayuda-para-usuarios\\\/videos-tutoriales\\\/#organizationLogo\",\"width\":428,\"height\":100,\"caption\":\"1001portales_logo\"},\"image\":{\"@id\":\"https:\\\/\\\/www.1001portales.com\\\/blog\\\/ayuda-para-usuarios\\\/videos-tutoriales\\\/#organizationLogo\"},\"sameAs\":[\"https:\\\/\\\/www.instagram.com\\\/1001portales\",\"https:\\\/\\\/www.pinterest.es\\\/1001portalescom\\\/\",\"https:\\\/\\\/www.youtube.com\\\/channel\\\/UC3pyHtHQwF_M6RovPeOtE5A\",\"https:\\\/\\\/www.linkedin.com\\\/company\\\/10953285\\\/admin\\\/\"],\"address\":{\"@id\":\"https:\\\/\\\/www.1001portales.com\\\/blog\\\/#postaladdress\",\"@type\":\"PostalAddress\",\"streetAddress\":\"Freixa, 26, B\\u00ba-3\\u00aa\",\"postalCode\":\"08021\",\"addressLocality\":\"Barcelona\",\"addressRegion\":\"Barcelona\",\"addressCountry\":\"ES\"}},{\"@type\":\"WebPage\",\"@id\":\"https:\\\/\\\/www.1001portales.com\\\/blog\\\/ayuda-para-usuarios\\\/videos-tutoriales\\\/#webpage\",\"url\":\"https:\\\/\\\/www.1001portales.com\\\/blog\\\/ayuda-para-usuarios\\\/videos-tutoriales\\\/\",\"name\":\"V\\u00eddeos de ayuda a la multipublicaci\\u00f3n | Blog de marketing inmobiliario\",\"description\":\"Hemos creado una serie de tutoriales para ayudarte a multipublicar tus anuncios. Tod la informaci\\u00f3n necesaria para que no te pierdas en la publicaci\\u00f3n de tus anuncios.\",\"inLanguage\":\"es-ES\",\"isPartOf\":{\"@id\":\"https:\\\/\\\/www.1001portales.com\\\/blog\\\/#website\"},\"breadcrumb\":{\"@id\":\"https:\\\/\\\/www.1001portales.com\\\/blog\\\/ayuda-para-usuarios\\\/videos-tutoriales\\\/#breadcrumblist\"},\"datePublished\":\"2017-11-16T13:01:12+01:00\",\"dateModified\":\"2025-06-02T14:37:05+02:00\"},{\"@type\":\"WebSite\",\"@id\":\"https:\\\/\\\/www.1001portales.com\\\/blog\\\/#website\",\"url\":\"https:\\\/\\\/www.1001portales.com\\\/blog\\\/\",\"name\":\"Blog de marketing inmobiliario\",\"description\":\"Art\\u00edculos sobre temas inmobiliarios que pueden servirte de ayuda en la compra, venta o alquiler de tu vivienda.\",\"inLanguage\":\"es-ES\",\"publisher\":{\"@id\":\"https:\\\/\\\/www.1001portales.com\\\/blog\\\/#organization\"}}]}\n\t\t<\/script>\n\t\t<!-- All in One SEO Pro -->\r\n\t\t<title>V\u00eddeos de ayuda a la multipublicaci\u00f3n | Blog de marketing inmobiliario<\/title>\n\n","aioseo_head_json":{"title":"V\u00eddeos de ayuda a la multipublicaci\u00f3n | Blog de marketing inmobiliario","description":"Hemos creado una serie de tutoriales para ayudarte a multipublicar tus anuncios. Tod la informaci\u00f3n necesaria para que no te pierdas en la publicaci\u00f3n de tus anuncios.","canonical_url":"https:\/\/www.1001portales.com\/blog\/ayuda-para-usuarios\/videos-tutoriales\/","robots":"max-snippet:-1, max-image-preview:large, max-video-preview:-1","keywords":"tutorial,v\u00eddeo,ayuda al usuario,manuales,manual del usuario,","webmasterTools":{"msvalidate.01":"4A366B932AA34510A58B6C4CA5994A50","p:domain_verify":"258bc84b68191409946fa63f826f8186","miscellaneous":""},"schema":{"@context":"https:\/\/schema.org","@graph":[{"@type":"BreadcrumbList","@id":"https:\/\/www.1001portales.com\/blog\/ayuda-para-usuarios\/videos-tutoriales\/#breadcrumblist","itemListElement":[{"@type":"ListItem","@id":"https:\/\/www.1001portales.com\/blog#listItem","position":1,"name":"Home","item":"https:\/\/www.1001portales.com\/blog","nextItem":{"@type":"ListItem","@id":"https:\/\/www.1001portales.com\/blog\/ayuda-para-usuarios\/#listItem","name":"Ayuda para usuarios"}},{"@type":"ListItem","@id":"https:\/\/www.1001portales.com\/blog\/ayuda-para-usuarios\/#listItem","position":2,"name":"Ayuda para usuarios","item":"https:\/\/www.1001portales.com\/blog\/ayuda-para-usuarios\/","nextItem":{"@type":"ListItem","@id":"https:\/\/www.1001portales.com\/blog\/ayuda-para-usuarios\/videos-tutoriales\/#listItem","name":"V\u00eddeos tutoriales"},"previousItem":{"@type":"ListItem","@id":"https:\/\/www.1001portales.com\/blog#listItem","name":"Home"}},{"@type":"ListItem","@id":"https:\/\/www.1001portales.com\/blog\/ayuda-para-usuarios\/videos-tutoriales\/#listItem","position":3,"name":"V\u00eddeos tutoriales","previousItem":{"@type":"ListItem","@id":"https:\/\/www.1001portales.com\/blog\/ayuda-para-usuarios\/#listItem","name":"Ayuda para usuarios"}}]},{"@type":"Organization","@id":"https:\/\/www.1001portales.com\/blog\/#organization","name":"Ad Origins, S. L.","description":"Art\u00edculos sobre temas inmobiliarios que pueden servirte de ayuda en la compra, venta o alquiler de tu vivienda.","url":"https:\/\/www.1001portales.com\/blog\/","email":"info@1001portales.com","telephone":"+34937377744","logo":{"@type":"ImageObject","url":"https:\/\/www.1001portales.com\/blog\/wp-content\/uploads\/2016\/05\/logotrans-428x100.png","@id":"https:\/\/www.1001portales.com\/blog\/ayuda-para-usuarios\/videos-tutoriales\/#organizationLogo","width":428,"height":100,"caption":"1001portales_logo"},"image":{"@id":"https:\/\/www.1001portales.com\/blog\/ayuda-para-usuarios\/videos-tutoriales\/#organizationLogo"},"sameAs":["https:\/\/www.instagram.com\/1001portales","https:\/\/www.pinterest.es\/1001portalescom\/","https:\/\/www.youtube.com\/channel\/UC3pyHtHQwF_M6RovPeOtE5A","https:\/\/www.linkedin.com\/company\/10953285\/admin\/"],"address":{"@id":"https:\/\/www.1001portales.com\/blog\/#postaladdress","@type":"PostalAddress","streetAddress":"Freixa, 26, B\u00ba-3\u00aa","postalCode":"08021","addressLocality":"Barcelona","addressRegion":"Barcelona","addressCountry":"ES"}},{"@type":"WebPage","@id":"https:\/\/www.1001portales.com\/blog\/ayuda-para-usuarios\/videos-tutoriales\/#webpage","url":"https:\/\/www.1001portales.com\/blog\/ayuda-para-usuarios\/videos-tutoriales\/","name":"V\u00eddeos de ayuda a la multipublicaci\u00f3n | Blog de marketing inmobiliario","description":"Hemos creado una serie de tutoriales para ayudarte a multipublicar tus anuncios. Tod la informaci\u00f3n necesaria para que no te pierdas en la publicaci\u00f3n de tus anuncios.","inLanguage":"es-ES","isPartOf":{"@id":"https:\/\/www.1001portales.com\/blog\/#website"},"breadcrumb":{"@id":"https:\/\/www.1001portales.com\/blog\/ayuda-para-usuarios\/videos-tutoriales\/#breadcrumblist"},"datePublished":"2017-11-16T13:01:12+01:00","dateModified":"2025-06-02T14:37:05+02:00"},{"@type":"WebSite","@id":"https:\/\/www.1001portales.com\/blog\/#website","url":"https:\/\/www.1001portales.com\/blog\/","name":"Blog de marketing inmobiliario","description":"Art\u00edculos sobre temas inmobiliarios que pueden servirte de ayuda en la compra, venta o alquiler de tu vivienda.","inLanguage":"es-ES","publisher":{"@id":"https:\/\/www.1001portales.com\/blog\/#organization"}}]},"og:locale":"es_ES","og:site_name":"Blog de marketing inmobiliario","og:type":"article","og:title":"V\u00eddeos de ayuda a la multipublicaci\u00f3n | Blog de marketing inmobiliario","og:description":"Hemos creado una serie de tutoriales para ayudarte a multipublicar tus anuncios. Tod la informaci\u00f3n necesaria para que no te pierdas en la publicaci\u00f3n de tus anuncios.","og:url":"https:\/\/www.1001portales.com\/blog\/ayuda-para-usuarios\/videos-tutoriales\/","og:image":"https:\/\/www.1001portales.com\/blog\/wp-content\/uploads\/2016\/05\/logotrans-428x100.png","og:image:secure_url":"https:\/\/www.1001portales.com\/blog\/wp-content\/uploads\/2016\/05\/logotrans-428x100.png","article:published_time":"2017-11-16T11:01:12+00:00","article:modified_time":"2025-06-02T12:37:05+00:00","article:publisher":"https:\/\/www.facebook.com\/1001portales","twitter:card":"summary_large_image","twitter:site":"@1001portales","twitter:title":"V\u00eddeos de ayuda a la multipublicaci\u00f3n | Blog de marketing inmobiliario","twitter:description":"Hemos creado una serie de tutoriales para ayudarte a multipublicar tus anuncios. Tod la informaci\u00f3n necesaria para que no te pierdas en la publicaci\u00f3n de tus anuncios.","twitter:image":"https:\/\/www.1001portales.com\/blog\/wp-content\/uploads\/2016\/05\/logotrans-428x100.png"},"aioseo_meta_data":{"post_id":"3323","title":"V\u00eddeos de ayuda a la multipublicaci\u00f3n | #site_title","description":"Hemos creado una serie de tutoriales para ayudarte a multipublicar tus anuncios. Tod la informaci\u00f3n necesaria para que no te pierdas en la publicaci\u00f3n de tus anuncios.","keywords":[{"label":"tutorial,v\u00eddeo,ayuda al usuario,manuales,manual del usuario,","value":"tutorial,v\u00eddeo,ayuda al usuario,manuales,manual del usuario,"}],"keyphrases":{"focus":{"keyphrase":"","score":0,"analysis":{"keyphraseInTitle":{"score":0,"maxScore":9,"error":1}}},"additional":[]},"primary_term":null,"canonical_url":null,"og_title":null,"og_description":null,"og_object_type":"article","og_image_type":"default","og_image_url":null,"og_image_width":null,"og_image_height":null,"og_image_custom_url":null,"og_image_custom_fields":null,"og_video":"","og_custom_url":null,"og_article_section":null,"og_article_tags":[],"twitter_use_og":false,"twitter_card":"summary_large_image","twitter_image_type":"default","twitter_image_url":null,"twitter_image_custom_url":null,"twitter_image_custom_fields":null,"twitter_title":null,"twitter_description":null,"schema":{"blockGraphs":[],"customGraphs":[],"default":{"data":{"Article":[],"Course":[],"Dataset":[],"FAQPage":[],"Movie":[],"Person":[],"Product":[],"ProductReview":[],"Car":[],"Recipe":[],"Service":[],"SoftwareApplication":[],"WebPage":[]},"graphName":"WebPage","isEnabled":true},"graphs":[]},"schema_type":null,"schema_type_options":null,"pillar_content":false,"robots_default":true,"robots_noindex":false,"robots_noarchive":false,"robots_nosnippet":false,"robots_nofollow":false,"robots_noimageindex":false,"robots_noodp":false,"robots_notranslate":false,"robots_max_snippet":"-1","robots_max_videopreview":"-1","robots_max_imagepreview":"large","priority":null,"frequency":"default","location":null,"local_seo":null,"seo_analyzer_scan_date":null,"breadcrumb_settings":null,"limit_modified_date":false,"reviewed_by":null,"open_ai":null,"ai":null,"created":"2020-12-21 01:36:05","updated":"2026-03-06 19:27:10"},"aioseo_breadcrumb":"<div class=\"aioseo-breadcrumbs\"><span class=\"aioseo-breadcrumb\">\n\t<a href=\"https:\/\/www.1001portales.com\/blog\" title=\"Home\">Home<\/a>\n<\/span><span class=\"aioseo-breadcrumb-separator\">\u00bb<\/span><span class=\"aioseo-breadcrumb\">\n\t<a href=\"https:\/\/www.1001portales.com\/blog\/ayuda-para-usuarios\/\" title=\"Ayuda para usuarios\">Ayuda para usuarios<\/a>\n<\/span><span class=\"aioseo-breadcrumb-separator\">\u00bb<\/span><span class=\"aioseo-breadcrumb\">\n\tV\u00eddeos tutoriales\n<\/span><\/div>","aioseo_breadcrumb_json":[{"label":"Home","link":"https:\/\/www.1001portales.com\/blog"},{"label":"Ayuda para usuarios","link":"https:\/\/www.1001portales.com\/blog\/ayuda-para-usuarios\/"},{"label":"V\u00eddeos tutoriales","link":"https:\/\/www.1001portales.com\/blog\/ayuda-para-usuarios\/videos-tutoriales\/"}],"_links":{"self":[{"href":"https:\/\/www.1001portales.com\/blog\/wp-json\/wp\/v2\/pages\/3323","targetHints":{"allow":["GET"]}}],"collection":[{"href":"https:\/\/www.1001portales.com\/blog\/wp-json\/wp\/v2\/pages"}],"about":[{"href":"https:\/\/www.1001portales.com\/blog\/wp-json\/wp\/v2\/types\/page"}],"author":[{"embeddable":true,"href":"https:\/\/www.1001portales.com\/blog\/wp-json\/wp\/v2\/users\/25"}],"replies":[{"embeddable":true,"href":"https:\/\/www.1001portales.com\/blog\/wp-json\/wp\/v2\/comments?post=3323"}],"version-history":[{"count":1,"href":"https:\/\/www.1001portales.com\/blog\/wp-json\/wp\/v2\/pages\/3323\/revisions"}],"predecessor-version":[{"id":10952,"href":"https:\/\/www.1001portales.com\/blog\/wp-json\/wp\/v2\/pages\/3323\/revisions\/10952"}],"up":[{"embeddable":true,"href":"https:\/\/www.1001portales.com\/blog\/wp-json\/wp\/v2\/pages\/866"}],"wp:attachment":[{"href":"https:\/\/www.1001portales.com\/blog\/wp-json\/wp\/v2\/media?parent=3323"}],"curies":[{"name":"wp","href":"https:\/\/api.w.org\/{rel}","templated":true}]}}